{"id":692,"date":"2017-03-10T15:51:03","date_gmt":"2017-03-10T08:51:03","guid":{"rendered":"https:\/\/readyinbound.com\/?page_id=692"},"modified":"2017-06-28T12:07:12","modified_gmt":"2017-06-28T05:07:12","slug":"app-development","status":"publish","type":"page","link":"https:\/\/readyinbound.com\/en\/app-development\/","title":{"rendered":"Web Portal &#038; Application"},"content":{"rendered":"<div class=\"wpb-content-wrapper\"><p>[vc_row full_width=&#8221;stretch_row_content&#8221; parallax=&#8221;content-moving&#8221; parallax_image=&#8221;731&#8243;][vc_column][vc_column_text]<\/p>\n<h1 style=\"text-align: center; line-height: 200px; color: #fff;\">\u1ee8NG D\u1ee4NG WEB APP D\u00c0NH CHO DOANH NGHI\u1ec6P TH\u00d4NG MINH<\/h1>\n<p style=\"text-align: center; color: #fff;\">C\u00f4ng ty ph\u00e1t tri\u1ec3n web application \u1edf tp. H\u1ed3 Ch\u00ed Minh<\/p>\n<p>[\/vc_column_text][\/vc_column][\/vc_row][vc_row][vc_column][vc_column_text]<\/p>\n<h1 style=\"text-align: center;\">Ph\u00e1t tri\u1ec3n ph\u1ea7n m\u1ec1m<\/h1>\n<p style=\"text-align: center;\">Th\u1ecb tr\u01b0\u1eddng \u0111ang ti\u1ebfn t\u1edbi m\u1ed9t giai \u0111o\u1ea1n tr\u1ef1c tuy\u1ebfn (online) ho\u00e1 m\u1ecdi l\u0129nh v\u1ef1c kinh doanh. T\u01b0\u01a1ng lai ho\u00e0n to\u00e0n ph\u1ee5 thu\u1ed9c v\u00e0o internet, ngo\u1ea1i tr\u1eeb m\u1ed9t s\u1ed1 games c\u1ef1c l\u1edbn \u0111\u00f2i h\u1ecfi l\u01b0u tr\u1eef t\u1ea1i m\u00e1y t\u00ednh, h\u1ea7u h\u1ebft c\u00e1c c\u00e1c ph\u1ea7n m\u1ec1m hi\u1ec7n \u0111\u1ea1i \u0111\u00e3 di c\u01b0 t\u1eeb \u1ed5 c\u1ee9ng m\u00e1y t\u00ednh c\u00e1 nh\u00e2n l\u00ean \u0111\u00e1m m\u00e2y (cloud). B\u1ea1n ch\u1ec9 c\u1ea7n k\u1ebft n\u1ed1i m\u1ea1ng t\u1ed1t v\u00e0 c\u00f3 th\u1ec3 l\u00e0m vi\u1ec7c v\u00e0 gi\u1ea3i tr\u00ed tr\u1ef1c tuy\u1ebfn, tr\u00ecnh duy\u1ec7t v\u00e0 h\u1ec7 th\u1ed1ng m\u1ea1ng t\u01b0\u01a1ng t\u00e1c v\u1edbi nhau h\u1ed7 tr\u1ee3 b\u1ea1n.<\/p>\n<p>[\/vc_column_text][\/vc_column][\/vc_row][vc_row][vc_column][vc_column_text]<\/p>\n<h1 style=\"text-align: center;\">T\u1ea0I SAO L\u1ea0I PH\u1ea2I L\u00c0M PH\u1ea6N M\u1ec0M RI\u00caNG M\u00c0 KH\u00d4NG S\u1eec D\u1ee4NG M\u1ed8T GI\u1ea2I PH\u00c1P &#8216;PH\u1ed4 BI\u1ebeN&#8217;?<\/h1>\n<p>&nbsp;<\/p>\n<p>V\u00ec n\u1ec1n t\u1ea3ng kinh doanh c\u1ee7a b\u1ea1n l\u00e0 duy nh\u1ea5t, c\u00e1c <span id=\"result_box\" class=\"\" lang=\"vi\"><span class=\"\">gi\u1ea3i ph\u00e1p &#8220;ph\u1ed5 bi\u1ebfn&#8221;\u00a0 kh\u00f4ng th\u1ec3 ph\u1ee5c v\u1ee5 t\u1ed1t cho s\u1ef1 ph\u00e1t tri\u1ec3n ti\u1ec1m n\u0103ng v\u00e0 ph\u1ee5c v\u1ee5 c\u00e1c y\u00eau c\u1ea7u tinh t\u1ebf c\u1ee7a b\u1ea1n<\/span><\/span>. <span id=\"result_box\" class=\"\" lang=\"vi\"><span class=\"\">C\u00f4ng ty Ready Technology ch\u00fang t\u00f4i hi\u1ec3u r\u1eb1ng m\u1ed7i kh\u00e1ch h\u00e0ng c\u1ee7a ch\u00fang t\u00f4i l\u00e0 duy nh\u1ea5t v\u00e0 c\u1ea7n c\u00f3 gi\u1ea3i ph\u00e1p h\u1ed7 tr\u1ee3 c\u00f4ng vi\u1ec7c theo c\u00e1ch ri\u00eang c\u1ee7a doanh nghi\u1ec7p<\/span><\/span>.\u00a0<span id=\"result_box\" class=\"\" lang=\"vi\"><span class=\"\">V\u1edbi s\u1ef1 hi\u1ec3u bi\u1ebft nh\u01b0 v\u1eady, ch\u00fang t\u00f4i t\u1eadp trung v\u00e0o vi\u1ec7c cung c\u1ea5p gi\u1ea3i ph\u00e1p ph\u00f9 h\u1ee3p v\u1edbi l\u1ee3i \u00edch c\u1ed1t l\u00f5i, ph\u00f9 h\u1ee3p v\u1edbi nhu c\u1ea7u c\u1ee7a t\u1eebng kh\u00e1ch h\u00e0ng \u0111\u1ec3 gi\u00fap h\u1ecd t\u1ea1o ra l\u1ee3i nhu\u1eadn d\u1ec5 d\u00e0ng h\u01a1n.<\/span><\/span>[\/vc_column_text][\/vc_column][\/vc_row][vc_row][vc_column width=&#8221;1\/2&#8243;][vc_column_text]<\/p>\n<h1><span id=\"result_box\" class=\"\" lang=\"vi\"><span class=\"\">Ch\u00fang t\u00f4i gi\u00fap \u0111\u1ee1 nh\u01b0 th\u1ebf n\u00e0o?<\/span><\/span><\/h1>\n<p><span id=\"result_box\" class=\"\" lang=\"vi\"><span class=\"\">Ch\u00fang t\u00f4i t\u1ea1o ra c\u00e1c \u1ee9ng d\u1ee5ng gi\u00fap qu\u1ea3n l\u00fd\u00a0c\u00f4ng vi\u1ec7c c\u1ee7a kh\u00e1ch h\u00e0ng t\u1ed1t h\u01a1n, ph\u1ee5c v\u1ee5 kh\u00e1ch h\u00e0ng hi\u1ec7u qu\u1ea3 h\u01a1n, c\u00e1c \u1ee9ng d\u1ee5ng n\u00e0y s\u1ebd t\u1ed1i \u01b0u h\u00f3a quy tr\u00ecnh kinh doanh.<\/span> <span class=\"\">Ch\u00fang t\u00f4i c\u00f3 nhi\u1ec1u n\u0103m kinh nghi\u1ec7m v\u00e0 d\u1ef1a v\u00e0o c\u00e1c d\u1ef1 \u00e1n \u0111\u00e3 l\u00e0m \u0111\u1ec3 cung c\u1ea5p c\u00e1c \u1ee9ng d\u1ee5ng web m\u00e0 b\u1ea1n c\u1ea7n.<\/span><\/span>[\/vc_column_text][\/vc_column][vc_column width=&#8221;1\/2&#8243;][vc_column_text]<\/p>\n<h1><span id=\"result_box\" class=\"\" lang=\"vi\"><span class=\"\">Ch\u00fang t\u00f4i \u0111\u00e3 l\u00e0m nh\u1eefng d\u1ef1 \u00e1n g\u00ec<\/span><\/span>?<\/h1>\n<ul>\n<li><span id=\"result_box\" class=\"\" lang=\"vi\"><span class=\"\">Qu\u1ea3n l\u00ed h\u1ee3p \u0111\u1ed3ng<\/span><\/span><\/li>\n<li><span id=\"result_box\" class=\"\" lang=\"vi\"><span class=\"\">Qu\u1ea3n l\u00fd d\u1ef1 \u00e1n<\/span><\/span><\/li>\n<li><span id=\"result_box\" class=\"\" lang=\"vi\"><span class=\"\">Qu\u1ea3n l\u00fd kho<\/span><\/span><\/li>\n<li><span id=\"result_box\" class=\"\" lang=\"vi\"><span class=\"\">Qu\u1ea3n tr\u1ecb nh\u00e2n s\u1ef1<\/span><\/span><\/li>\n<li><span id=\"result_box\" class=\"\" lang=\"vi\"><span class=\"\">C\u1ed5ng th\u00f4ng tin vi\u1ec7c l\u00e0m &amp; ngh\u1ec1 nghi\u1ec7p<\/span><\/span><\/li>\n<li><span id=\"result_box\" class=\"\" lang=\"vi\"><span class=\"\">Qu\u1ea3n l\u00fd kho<\/span><\/span><\/li>\n<li><span id=\"result_box\" class=\"\" lang=\"vi\"><span class=\"\">H\u1ec7 th\u1ed1ng qu\u1ea3n l\u00fd b\u00e1n h\u00e0ng&#8230;.<\/span><\/span><\/li>\n<\/ul>\n<p>[\/vc_column_text][\/vc_column][\/vc_row][vc_row][vc_column width=&#8221;1\/2&#8243;][vc_column_text]<\/p>\n<h1><span id=\"result_box\" class=\"\" lang=\"vi\"><span class=\"\">C\u00e1c t\u00ednh n\u0103ng ch\u00ednh c\u1ee7a gi\u1ea3i ph\u00e1p l\u00e0 g\u00ec<\/span><\/span>?<\/h1>\n<ul>\n<li>Ph\u1ee5c v\u1ee5 \u0111\u1eb7c th\u00f9 c\u00f4ng vi\u1ec7c kinh doanh c\u1ee7a b\u1ea1n.<\/li>\n<li><span id=\"result_box\" class=\"\" lang=\"vi\"><span class=\"\">C\u00f3 kh\u1ea3 n\u0103ng n\u00e2ng c\u1ea5p, m\u1edf r\u1ed9ng cho s\u1ef1 ph\u00e1t tri\u1ec3n c\u1ee7a doanh nghi\u1ec7p.<\/span><\/span><\/li>\n<li><span id=\"result_box\" class=\"\" lang=\"vi\"><span class=\"\">Tr\u1ef1c tuy\u1ebfn ch\u1ea1y tr\u00ean n\u1ec1n t\u1ea3ng \u0111\u00e1m m\u00e2y.<\/span><\/span><\/li>\n<li><span id=\"result_box\" class=\"\" lang=\"vi\"><span class=\"\">D\u00e0nh cho thi\u1ebft b\u1ecb di \u0111\u1ed9ng \u0111\u01b0\u1ee3c ph\u00e1t tri\u1ec3n theo y\u00eau c\u1ea7u, c\u00f3 c\u00e1c th\u00f4ng b\u00e1o tr\u1ef1c ti\u1ebfp (push notifications).<\/span><\/span><\/li>\n<li><span id=\"result_box\" class=\"\" lang=\"vi\"><span class=\"\">Ch\u00fang t\u00f4i \u0111\u1ea3m b\u1ea3o t\u00ednh b\u1ea3o m\u1eadt v\u00e0 t\u00ednh kh\u1ea3 d\u1ee5ng.<\/span><\/span><\/li>\n<\/ul>\n<p>[\/vc_column_text][\/vc_column][vc_column width=&#8221;1\/2&#8243;][vc_column_text]<\/p>\n<h1><span id=\"result_box\" class=\"\" lang=\"vi\"><span class=\"\">T\u1ea1i sao l\u1ea1i ch\u1ecdn Ready Technologies?<\/span><\/span><\/h1>\n<ul>\n<li><span id=\"result_box\" class=\"\" lang=\"vi\">20 n\u0103m kinh nghi\u1ec7m ph\u00e1t tri\u1ec3n \u1ee9ng d\u1ee5ng<\/span><\/li>\n<li><span id=\"result_box\" class=\"\" lang=\"vi\">H\u00e0ng tr\u0103m \u1ee9ng d\u1ee5ng \u0111\u00e3 l\u00e0m<br \/>\n<\/span><\/li>\n<li><span id=\"result_box\" class=\"\" lang=\"vi\"><span class=\"\">Nh\u1eadn l\u00e0m c\u1ea3 c\u00e1c d\u1ef1 \u00e1n y\u00eau c\u1ea7u quy m\u00f4 nh\u1ecf<\/span><\/span><\/li>\n<li>S\u1eb5n s\u00e0ng h\u1ed7 tr\u1ee3 kh\u00e1ch h\u00e0ng<\/li>\n<li><span id=\"result_box\" class=\"\" lang=\"vi\">Chi ph\u00ed th\u1ea5p<\/span><\/li>\n<\/ul>\n<p>[\/vc_column_text][\/vc_column][\/vc_row][vc_row full_width=&#8221;stretch_row&#8221; parallax=&#8221;content-moving-fade&#8221; parallax_speed_bg=&#8221;2&#8243; css=&#8221;.vc_custom_1488942508158{background-image: url(https:\/\/readyinbound.com\/wp-content\/uploads\/2015\/06\/eat.jpg?id=580) !important;}&#8221;][vc_column][vc_cta h2=&#8221;S\u1eb5n s\u00e0ng l\u00e0m quen?&#8221; add_button=&#8221;right&#8221; btn_title=&#8221;Send us an inquiry&#8221; btn_color=&#8221;sky&#8221; btn_size=&#8221;lg&#8221; btn_align=&#8221;right&#8221; btn_i_icon_fontawesome=&#8221;fa fa-envelope&#8221; css_animation=&#8221;bounceInUp&#8221; btn_add_icon=&#8221;true&#8221; btn_link=&#8221;url:http%3A%2F%2Freadyinbound.com%2Fcontact-us%2F|||&#8221;]N\u1ebfu v\u1eabn \u0111ang \u0111au \u0111\u1ea7u t\u00ecm c\u00e1ch ph\u00e1t tri\u1ec3n doanh nghi\u1ec7p v\u1edbi chi ph\u00ed ban \u0111\u1ea7u th\u1ea5p nh\u1ea5t c\u00f3 th\u1ec3 th\u00ec ch\u00fang t\u00f4i c\u00f3 th\u1ec3 gi\u00fap \u0111\u1ee1 &#8211; mi\u1ec5n ph\u00ed. Xin \u0111\u1eebng ng\u1ea1i li\u00ean h\u1ec7.[\/vc_cta][\/vc_column][\/vc_row]<\/p>\n<\/div>","protected":false},"excerpt":{"rendered":"<p>[vc_row full_width=&#8221;stretch_row_content&#8221; parallax=&#8221;content-moving&#8221; parallax_image=&#8221;731&#8243;][vc_column][vc_column_text] \u1ee8NG D\u1ee4NG WEB APP D\u00c0NH CHO DOANH NGHI\u1ec6P TH\u00d4NG MINH C\u00f4ng ty ph\u00e1t tri\u1ec3n web application \u1edf tp. H\u1ed3 Ch\u00ed Minh [\/vc_column_text][\/vc_column][\/vc_row][vc_row][vc_column][vc_column_text] Ph\u00e1t tri\u1ec3n ph\u1ea7n m\u1ec1m Th\u1ecb tr\u01b0\u1eddng \u0111ang ti\u1ebfn t\u1edbi m\u1ed9t giai \u0111o\u1ea1n tr\u1ef1c tuy\u1ebfn (online) ho\u00e1 m\u1ecdi l\u0129nh v\u1ef1c kinh doanh. T\u01b0\u01a1ng lai ho\u00e0n to\u00e0n ph\u1ee5 thu\u1ed9c v\u00e0o internet, ngo\u1ea1i tr\u1eeb <a href=\"https:\/\/readyinbound.com\/en\/app-development\/\"> Read more&#8230;<\/a><\/p>\n","protected":false},"author":1,"featured_media":0,"parent":0,"menu_order":0,"comment_status":"closed","ping_status":"closed","template":"template-full-width.php","meta":{"inline_featured_image":false,"footnotes":""},"class_list":["post-692","page","type-page","status-publish","hentry"],"yoast_head":"<!-- This site is optimized with the Yoast SEO plugin v27.4 - https:\/\/yoast.com\/product\/yoast-seo-wordpress\/ -->\n<title>Web Portal &amp; Application - Ready Technology - digital marketing web design app development private email<\/title>\n<meta name=\"robots\" content=\"index, follow, max-snippet:-1, max-image-preview:large, max-video-preview:-1\" \/>\n<link rel=\"canonical\" href=\"https:\/\/readyinbound.com\/app-development\/\" \/>\n<meta property=\"og:locale\" content=\"en_US\" \/>\n<meta property=\"og:type\" content=\"article\" \/>\n<meta property=\"og:title\" content=\"[:vi]C\u1ed5ng \u0111i\u1ec7n t\u1eed &amp; \u1ee8ng d\u1ee5ng web[:en]Web Portal &amp; Application[:] - Ready Technology - digital marketing web design app development private email\" \/>\n<meta property=\"og:description\" content=\"[vc_row full_width=&#8221;stretch_row_content&#8221; parallax=&#8221;content-moving&#8221; parallax_image=&#8221;731&#8243;][vc_column][vc_column_text] \u1ee8NG D\u1ee4NG WEB APP D\u00c0NH CHO DOANH NGHI\u1ec6P TH\u00d4NG MINH C\u00f4ng ty ph\u00e1t tri\u1ec3n web application \u1edf tp. H\u1ed3 Ch\u00ed Minh [\/vc_column_text][\/vc_column][\/vc_row][vc_row][vc_column][vc_column_text] Ph\u00e1t tri\u1ec3n ph\u1ea7n m\u1ec1m Th\u1ecb tr\u01b0\u1eddng \u0111ang ti\u1ebfn t\u1edbi m\u1ed9t giai \u0111o\u1ea1n tr\u1ef1c tuy\u1ebfn (online) ho\u00e1 m\u1ecdi l\u0129nh v\u1ef1c kinh doanh. T\u01b0\u01a1ng lai ho\u00e0n to\u00e0n ph\u1ee5 thu\u1ed9c v\u00e0o internet, ngo\u1ea1i tr\u1eeb Read more&#8230;\" \/>\n<meta property=\"og:url\" content=\"https:\/\/readyinbound.com\/app-development\/\" \/>\n<meta property=\"og:site_name\" content=\"Ready Technology - digital marketing web design app development private email\" \/>\n<meta property=\"article:modified_time\" content=\"2017-06-28T05:07:12+00:00\" \/>\n<meta name=\"twitter:card\" content=\"summary_large_image\" \/>\n<meta name=\"twitter:label1\" content=\"Est. reading time\" \/>\n\t<meta name=\"twitter:data1\" content=\"9 minutes\" \/>\n<script type=\"application\/ld+json\" class=\"yoast-schema-graph\">{\"@context\":\"https:\\\/\\\/schema.org\",\"@graph\":[{\"@type\":\"WebPage\",\"@id\":\"https:\\\/\\\/readyinbound.com\\\/app-development\\\/\",\"url\":\"https:\\\/\\\/readyinbound.com\\\/app-development\\\/\",\"name\":\"[:vi]C\u1ed5ng \u0111i\u1ec7n t\u1eed & \u1ee8ng d\u1ee5ng web[:en]Web Portal & Application[:] - Ready Technology - digital marketing web design app development private email\",\"isPartOf\":{\"@id\":\"https:\\\/\\\/readyinbound.com\\\/#website\"},\"datePublished\":\"2017-03-10T08:51:03+00:00\",\"dateModified\":\"2017-06-28T05:07:12+00:00\",\"breadcrumb\":{\"@id\":\"https:\\\/\\\/readyinbound.com\\\/app-development\\\/#breadcrumb\"},\"inLanguage\":\"en-US\",\"potentialAction\":[{\"@type\":\"ReadAction\",\"target\":[\"https:\\\/\\\/readyinbound.com\\\/app-development\\\/\"]}]},{\"@type\":\"BreadcrumbList\",\"@id\":\"https:\\\/\\\/readyinbound.com\\\/app-development\\\/#breadcrumb\",\"itemListElement\":[{\"@type\":\"ListItem\",\"position\":1,\"name\":\"Home\",\"item\":\"https:\\\/\\\/readyinbound.com\\\/\"},{\"@type\":\"ListItem\",\"position\":2,\"name\":\"C\u1ed5ng \u0111i\u1ec7n t\u1eed &#038; \u1ee8ng d\u1ee5ng web\"}]},{\"@type\":\"WebSite\",\"@id\":\"https:\\\/\\\/readyinbound.com\\\/#website\",\"url\":\"https:\\\/\\\/readyinbound.com\\\/\",\"name\":\"Ready Technology - digital marketing web design app development private email\",\"description\":\"\",\"publisher\":{\"@id\":\"https:\\\/\\\/readyinbound.com\\\/#organization\"},\"potentialAction\":[{\"@type\":\"SearchAction\",\"target\":{\"@type\":\"EntryPoint\",\"urlTemplate\":\"https:\\\/\\\/readyinbound.com\\\/?s={search_term_string}\"},\"query-input\":{\"@type\":\"PropertyValueSpecification\",\"valueRequired\":true,\"valueName\":\"search_term_string\"}}],\"inLanguage\":\"en-US\"},{\"@type\":\"Organization\",\"@id\":\"https:\\\/\\\/readyinbound.com\\\/#organization\",\"name\":\"Ready Technology - digital marketing web design app development private email\",\"url\":\"https:\\\/\\\/readyinbound.com\\\/\",\"logo\":{\"@type\":\"ImageObject\",\"inLanguage\":\"en-US\",\"@id\":\"https:\\\/\\\/readyinbound.com\\\/#\\\/schema\\\/logo\\\/image\\\/\",\"url\":\"https:\\\/\\\/readyinbound.com\\\/wp-content\\\/uploads\\\/2017\\\/03\\\/logo1.png\",\"contentUrl\":\"https:\\\/\\\/readyinbound.com\\\/wp-content\\\/uploads\\\/2017\\\/03\\\/logo1.png\",\"width\":325,\"height\":82,\"caption\":\"Ready Technology -  digital marketing web design app development private email\"},\"image\":{\"@id\":\"https:\\\/\\\/readyinbound.com\\\/#\\\/schema\\\/logo\\\/image\\\/\"}}]}<\/script>\n<!-- \/ Yoast SEO plugin. -->","yoast_head_json":{"title":"[:vi]C\u1ed5ng \u0111i\u1ec7n t\u1eed & \u1ee8ng d\u1ee5ng web[:en]Web Portal & Application[:] - Ready Technology - digital marketing web design app development private email","robots":{"index":"index","follow":"follow","max-snippet":"max-snippet:-1","max-image-preview":"max-image-preview:large","max-video-preview":"max-video-preview:-1"},"canonical":"https:\/\/readyinbound.com\/app-development\/","og_locale":"en_US","og_type":"article","og_title":"[:vi]C\u1ed5ng \u0111i\u1ec7n t\u1eed & \u1ee8ng d\u1ee5ng web[:en]Web Portal & Application[:] - Ready Technology - digital marketing web design app development private email","og_description":"[vc_row full_width=&#8221;stretch_row_content&#8221; parallax=&#8221;content-moving&#8221; parallax_image=&#8221;731&#8243;][vc_column][vc_column_text] \u1ee8NG D\u1ee4NG WEB APP D\u00c0NH CHO DOANH NGHI\u1ec6P TH\u00d4NG MINH C\u00f4ng ty ph\u00e1t tri\u1ec3n web application \u1edf tp. H\u1ed3 Ch\u00ed Minh [\/vc_column_text][\/vc_column][\/vc_row][vc_row][vc_column][vc_column_text] Ph\u00e1t tri\u1ec3n ph\u1ea7n m\u1ec1m Th\u1ecb tr\u01b0\u1eddng \u0111ang ti\u1ebfn t\u1edbi m\u1ed9t giai \u0111o\u1ea1n tr\u1ef1c tuy\u1ebfn (online) ho\u00e1 m\u1ecdi l\u0129nh v\u1ef1c kinh doanh. T\u01b0\u01a1ng lai ho\u00e0n to\u00e0n ph\u1ee5 thu\u1ed9c v\u00e0o internet, ngo\u1ea1i tr\u1eeb Read more&#8230;","og_url":"https:\/\/readyinbound.com\/app-development\/","og_site_name":"Ready Technology - digital marketing web design app development private email","article_modified_time":"2017-06-28T05:07:12+00:00","twitter_card":"summary_large_image","twitter_misc":{"Est. reading time":"9 minutes"},"schema":{"@context":"https:\/\/schema.org","@graph":[{"@type":"WebPage","@id":"https:\/\/readyinbound.com\/app-development\/","url":"https:\/\/readyinbound.com\/app-development\/","name":"[:vi]C\u1ed5ng \u0111i\u1ec7n t\u1eed & \u1ee8ng d\u1ee5ng web[:en]Web Portal & Application[:] - Ready Technology - digital marketing web design app development private email","isPartOf":{"@id":"https:\/\/readyinbound.com\/#website"},"datePublished":"2017-03-10T08:51:03+00:00","dateModified":"2017-06-28T05:07:12+00:00","breadcrumb":{"@id":"https:\/\/readyinbound.com\/app-development\/#breadcrumb"},"inLanguage":"en-US","potentialAction":[{"@type":"ReadAction","target":["https:\/\/readyinbound.com\/app-development\/"]}]},{"@type":"BreadcrumbList","@id":"https:\/\/readyinbound.com\/app-development\/#breadcrumb","itemListElement":[{"@type":"ListItem","position":1,"name":"Home","item":"https:\/\/readyinbound.com\/"},{"@type":"ListItem","position":2,"name":"C\u1ed5ng \u0111i\u1ec7n t\u1eed &#038; \u1ee8ng d\u1ee5ng web"}]},{"@type":"WebSite","@id":"https:\/\/readyinbound.com\/#website","url":"https:\/\/readyinbound.com\/","name":"Ready Technology - digital marketing web design app development private email","description":"","publisher":{"@id":"https:\/\/readyinbound.com\/#organization"},"potentialAction":[{"@type":"SearchAction","target":{"@type":"EntryPoint","urlTemplate":"https:\/\/readyinbound.com\/?s={search_term_string}"},"query-input":{"@type":"PropertyValueSpecification","valueRequired":true,"valueName":"search_term_string"}}],"inLanguage":"en-US"},{"@type":"Organization","@id":"https:\/\/readyinbound.com\/#organization","name":"Ready Technology - digital marketing web design app development private email","url":"https:\/\/readyinbound.com\/","logo":{"@type":"ImageObject","inLanguage":"en-US","@id":"https:\/\/readyinbound.com\/#\/schema\/logo\/image\/","url":"https:\/\/readyinbound.com\/wp-content\/uploads\/2017\/03\/logo1.png","contentUrl":"https:\/\/readyinbound.com\/wp-content\/uploads\/2017\/03\/logo1.png","width":325,"height":82,"caption":"Ready Technology -  digital marketing web design app development private email"},"image":{"@id":"https:\/\/readyinbound.com\/#\/schema\/logo\/image\/"}}]}},"_links":{"self":[{"href":"https:\/\/readyinbound.com\/en\/wp-json\/wp\/v2\/pages\/692","targetHints":{"allow":["GET"]}}],"collection":[{"href":"https:\/\/readyinbound.com\/en\/wp-json\/wp\/v2\/pages"}],"about":[{"href":"https:\/\/readyinbound.com\/en\/wp-json\/wp\/v2\/types\/page"}],"author":[{"embeddable":true,"href":"https:\/\/readyinbound.com\/en\/wp-json\/wp\/v2\/users\/1"}],"replies":[{"embeddable":true,"href":"https:\/\/readyinbound.com\/en\/wp-json\/wp\/v2\/comments?post=692"}],"version-history":[{"count":19,"href":"https:\/\/readyinbound.com\/en\/wp-json\/wp\/v2\/pages\/692\/revisions"}],"predecessor-version":[{"id":886,"href":"https:\/\/readyinbound.com\/en\/wp-json\/wp\/v2\/pages\/692\/revisions\/886"}],"wp:attachment":[{"href":"https:\/\/readyinbound.com\/en\/wp-json\/wp\/v2\/media?parent=692"}],"curies":[{"name":"wp","href":"https:\/\/api.w.org\/{rel}","templated":true}]}}